{"id":9,"date":"2015-02-02T04:30:57","date_gmt":"2015-02-02T04:30:57","guid":{"rendered":"http:\/\/rttheme19.rtthemes.com\/?page_id=9"},"modified":"2019-10-15T16:54:24","modified_gmt":"2019-10-15T19:54:24","slug":"perfil","status":"publish","type":"page","link":"http:\/\/drantoniojunior.com.br\/novo\/index.php\/perfil\/","title":{"rendered":"Perfil"},"content":{"rendered":"<p>[vc_row rt_row_background_width=&#8221;fullwidth&#8221; rt_row_content_width=&#8221;default&#8221; rt_row_style=&#8221;default-style&#8221; rt_row_borders=&#8221;&#8221; rt_row_paddings=&#8221;false&#8221; rt_bg_effect=&#8221;parallax&#8221; rt_bg_parallax_effect=&#8221;3&#8243; rt_bg_image_repeat=&#8221;repeat&#8221; rt_bg_size=&#8221;cover&#8221; rt_bg_position=&#8221;right top&#8221; rt_bg_video_format=&#8221;self-hosted&#8221;][vc_column rt_wrp_col_paddings=&#8221;false&#8221; rt_border_top=&#8221;&#8221; rt_border_bottom=&#8221;&#8221; rt_border_left=&#8221;&#8221; rt_border_right=&#8221;&#8221; rt_border_top_mobile=&#8221;&#8221; rt_border_bottom_mobile=&#8221;&#8221; rt_border_left_mobile=&#8221;&#8221; rt_border_right_mobile=&#8221;&#8221; rt_bg_image_repeat=&#8221;repeat&#8221; rt_bg_size=&#8221;auto auto&#8221; rt_bg_position=&#8221;right top&#8221; rt_bg_attachment=&#8221;scroll&#8221;]<div class=\"rt_heading_wrapper style-2\">\n\t\t\t\t\t\t<h1 class=\"rt_heading  style-2\" >PERFIL<\/h1>\n\t\t\t\t\t<\/div>[\/vc_column][\/vc_row][vc_row rt_row_background_width=&#8221;fullwidth&#8221; rt_row_content_width=&#8221;default&#8221; rt_row_style=&#8221;default-style&#8221; rt_row_borders=&#8221;bottom&#8221; rt_row_paddings=&#8221;true&#8221; rt_bg_effect=&#8221;classic&#8221; rt_bg_image_repeat=&#8221;repeat&#8221; rt_bg_size=&#8221;cover&#8221; rt_bg_position=&#8221;right top&#8221; rt_bg_attachment=&#8221;scroll&#8221; rt_bg_video_format=&#8221;self-hosted&#8221;][vc_column width=&#8221;2\/3&#8243; rt_wrp_col_paddings=&#8221;false&#8221; rt_border_top=&#8221;&#8221; rt_border_bottom=&#8221;&#8221; rt_border_left=&#8221;&#8221; rt_border_right=&#8221;&#8221; rt_border_top_mobile=&#8221;&#8221; rt_border_bottom_mobile=&#8221;&#8221; rt_border_left_mobile=&#8221;&#8221; rt_border_right_mobile=&#8221;&#8221; rt_bg_image_repeat=&#8221;repeat&#8221; rt_bg_size=&#8221;auto auto&#8221; rt_bg_position=&#8221;right top&#8221; rt_bg_attachment=&#8221;scroll&#8221;][vc_column_text]Para mim \u00e9 motivo de orgulho e satisfa\u00e7\u00e3o poder colocar meus servi\u00e7os \u00e0 disposi\u00e7\u00e3o de voc\u00eas. Ajudar melhor o paciente sempre foi meu principal objetivo, por isso procurei ter uma forma\u00e7\u00e3o completa do ponto de vista profissional, acad\u00eamico e acima de tudo humano.<\/p>\n<p>Assim, conclui a gradua\u00e7\u00e3o no curso de medicina da Universidade Federal de Sergipe em 1989 e, logo em seguida, iniciei minha especializa\u00e7\u00e3o (Resid\u00eancia M\u00e9dica) em cirurgia geral no Hospital Roberto Santos em Salvador (BA).<\/p>\n<p>Ao t\u00e9rmino desta especializa\u00e7\u00e3o, fui para S\u00e3o Paulo e participei como residente do Servi\u00e7o de Cirurgia do F\u00edgado e Transplante Hep\u00e1tico no Hospital das Cl\u00ednicas da Universidade de S\u00e3o Paulo. Tamb\u00e9m no Servi\u00e7o de Cirurgia do Aparelho Digestivo da Universidade de S\u00e3o Paulo vivenciei, \u00e0quela \u00e9poca, os prim\u00f3rdios da cirurgia bari\u00e1trica naquele servi\u00e7o.<\/p>\n<p>Logo em seguida comecei meus anos de p\u00f3s gradua\u00e7\u00e3o \u201cstricto sensu\u201d com Mestrado e Doutorado no Departamento de Cirurgia do Aparelho Digestivo da Universidade de S\u00e3o Paulo. Primeiro, cursei o Mestrado e defendi Disserta\u00e7\u00e3o com o t\u00edtulo Les\u00e3o Pulmonar na Pancreatite Aguda. A seguir, participei do curso de Doutorado e defendi minha Tese com o t\u00edtulo: Hipertens\u00e3o Portal Esquistossom\u00f3tica, Avalia\u00e7\u00e3o do Fluxo Sangu\u00edneo Portal Antes e Ap\u00f3s Tratamento Cir\u00fargico.<\/p>\n<p>Retornei a Aracaju em 1996, onde prestei concurso para Universidade Federal de Sergipe e iniciei minha carreira de Professor Universit\u00e1rio no Servi\u00e7o de Cirurgia do Departamento de Medicina, onde hoje sou Professor Adjunto n\u00edvel IV.<\/p>\n<p>Participei em S\u00e3o Paulo do Curso de Cirurgia Bari\u00e1trica do Professor Arthur Garrido, um dos maiores expoentes da cirurgia bari\u00e1trica no mundo e um dos pioneiros da cirurgia bari\u00e1trica ano Brasil. Em 2007, ajudei a fundar e iniciar o Servi\u00e7o de Cirurgia Bari\u00e1trica do Hospital Universit\u00e1rio da Universidade Federal de Sergipe.<\/p>\n<p>Ao longo destes anos, adquiri experi\u00eancia profissional, participei de in\u00fameros eventos (congressos, palestras, etc) como congressista e como palestrante, o que abriu caminho para v\u00e1rias linhas de pesquisa desenvolvidas com o aux\u00edlio dos alunos e dos pacientes, com investiga\u00e7\u00f5es nas \u00e1reas de cirurgia da obesidade, cirurgia do f\u00edgado e outras cirurgias do aparelho digest\u00f3rio. Como resultado, publiquei v\u00e1rios artigos em revistas cient\u00edficas nacionais e internacionais, bem como cap\u00edtulos de livros, o que, consequentemente, redunda em uma conduta mais cuidadosa e cient\u00edfica para com meus pacientes.<\/p>\n<p>Atualmente, sou Membro Titular do Col\u00e9gio Brasileiro de Cirurgi\u00f5es, participo da Diretoria do Cap\u00edtulo Sergipe do Col\u00e9gio Brasileiro de Cirurgi\u00f5es e sou Membro Titular da Sociedade Brasileira de Cirurgia Bari\u00e1trica e Metab\u00f3lica.[\/vc_column_text][vc_single_image image=&#8221;2790&#8243; img_size=&#8221;&#8221; alignment=&#8221;center&#8221;][\/vc_column][vc_column width=&#8221;1\/3&#8243; rt_wrp_col_paddings=&#8221;false&#8221; rt_border_top=&#8221;&#8221; rt_border_bottom=&#8221;&#8221; rt_border_left=&#8221;&#8221; rt_border_right=&#8221;&#8221; rt_border_top_mobile=&#8221;&#8221; rt_border_bottom_mobile=&#8221;&#8221; rt_border_left_mobile=&#8221;&#8221; rt_border_right_mobile=&#8221;&#8221; rt_bg_image_repeat=&#8221;repeat&#8221; rt_bg_size=&#8221;auto auto&#8221; rt_bg_position=&#8221;right top&#8221; rt_bg_attachment=&#8221;scroll&#8221;][vc_single_image image=&#8221;2828&#8243; img_size=&#8221;360&#215;360&#8243; add_caption=&#8221;yes&#8221; alignment=&#8221;right&#8221;]<div class=\"rt_heading_wrapper style-1\">\n\t\t\t\t\t\t<h4 class=\"rt_heading  style-1\" >Links<\/h4>\n\t\t\t\t\t<\/div>[vc_accordion style=&#8221;icons&#8221; first_one_open=&#8221;&#8221;][vc_accordion_tab title=&#8221;Curriculo Lattes&#8221; icon_name=&#8221;icon-doc-1&#8243;][vc_column_text]<a href=\"http:\/\/lattes.cnpq.br\/2262807880454396\">http:\/\/lattes.cnpq.br\/2262807880454396<\/a>[\/vc_column_text][\/vc_accordion_tab][vc_accordion_tab title=&#8221;Sociedade Brasileira de Cirurgia Bari\u00e1trica e Metab\u00f3lica&#8221; icon_name=&#8221;icon-plus-squared-1&#8243;][vc_column_text]<a href=\"http:\/\/www.sbcbm.org.br\">http:\/\/www.sbcbm.org.br<\/a>[\/vc_column_text][\/vc_accordion_tab][\/vc_accordion][\/vc_column][\/vc_row][vc_row rt_row_background_width=&#8221;fullwidth&#8221; rt_row_content_width=&#8221;default&#8221; rt_row_style=&#8221;default-style&#8221; rt_row_borders=&#8221;top,bottom&#8221; rt_row_paddings=&#8221;true&#8221; rt_bg_effect=&#8221;classic&#8221; rt_bg_image_repeat=&#8221;no-repeat&#8221; rt_bg_size=&#8221;cover&#8221; rt_bg_position=&#8221;right top&#8221; rt_bg_attachment=&#8221;fixed&#8221; rt_bg_video_format=&#8221;self-hosted&#8221; rt_padding_top=&#8221;60&#8243; rt_padding_bottom=&#8221;60&#8243;][vc_column rt_wrp_col_paddings=&#8221;false&#8221; rt_border_top=&#8221;&#8221; rt_border_bottom=&#8221;&#8221; rt_border_left=&#8221;&#8221; rt_border_right=&#8221;&#8221; rt_border_top_mobile=&#8221;&#8221; rt_border_bottom_mobile=&#8221;&#8221; rt_border_left_mobile=&#8221;&#8221; rt_border_right_mobile=&#8221;&#8221; rt_bg_image_repeat=&#8221;repeat&#8221; rt_bg_size=&#8221;auto auto&#8221; rt_bg_position=&#8221;right top&#8221; rt_bg_attachment=&#8221;scroll&#8221;]<div class=\"rt_heading_wrapper style-4\">\n\t\t\t\t\t\t<h4 class=\"rt_heading  style-4\" >Forma\u00e7\u00e3o<\/h4>\n\t\t\t\t\t<\/div>\t \n\t\t<section  class=\"timeline  \">\n\t\t\t \n\t\t<div  >\n\t\t\t \n\t\t<span class=\"event-date\">\n\t\t\t<span class=\"day\"><\/span>\n\t\t\t<span class=\"month\"><\/span>\n\t\t\t<span class=\"year\">2012<\/span>\n\t\t<\/span>\n\t<div class=\"event-details\"><p>Membro Titular da Sociedade Brasileira de Cirurgia Bari\u00e1trica e Metab\u00f3lica<\/p>\n<\/div>\n\t\t<\/div>\n\t\t \n\t\t<div  >\n\t\t\t \n\t\t<span class=\"event-date\">\n\t\t\t<span class=\"day\"><\/span>\n\t\t\t<span class=\"month\"><\/span>\n\t\t\t<span class=\"year\">2009<\/span>\n\t\t<\/span>\n\t<div class=\"event-details\"><p>Membro Titular do col\u00e9gio Brasileiro de Cirurgi\u00f5es<\/p>\n<\/div>\n\t\t<\/div>\n\t\t \n\t\t<div  >\n\t\t\t \n\t\t<span class=\"event-date\">\n\t\t\t<span class=\"day\"><\/span>\n\t\t\t<span class=\"month\"><\/span>\n\t\t\t<span class=\"year\">2007<\/span>\n\t\t<\/span>\n\t<div class=\"event-details\"><p>Servi\u00e7o de Cirurgia Bari\u00e1trica no Hospital Universit\u00e1rio da UFS<\/p>\n<\/div>\n\t\t<\/div>\n\t\t \n\t\t<div  >\n\t\t\t \n\t\t<span class=\"event-date\">\n\t\t\t<span class=\"day\"><\/span>\n\t\t\t<span class=\"month\"><\/span>\n\t\t\t<span class=\"year\">2002<\/span>\n\t\t<\/span>\n\t<div class=\"event-details\"><p>Professor Adjunto da Universidade Federal de Sergipe<\/p>\n<\/div>\n\t\t<\/div>\n\t\t \n\t\t<div  >\n\t\t\t \n\t\t<span class=\"event-date\">\n\t\t\t<span class=\"day\"><\/span>\n\t\t\t<span class=\"month\"><\/span>\n\t\t\t<span class=\"year\">1999<\/span>\n\t\t<\/span>\n\t<div class=\"event-details\"><p>Doutorado em Cirurgia do Aparelho Digestivo<\/p>\n<\/div>\n\t\t<\/div>\n\t\t \n\t\t<div  >\n\t\t\t \n\t\t<span class=\"event-date\">\n\t\t\t<span class=\"day\"><\/span>\n\t\t\t<span class=\"month\"><\/span>\n\t\t\t<span class=\"year\">1996<\/span>\n\t\t<\/span>\n\t<div class=\"event-details\"><p>Professor Substituto da Universidade Federal de Sergipe<\/p>\n<\/div>\n\t\t<\/div>\n\t\t \n\t\t<div  >\n\t\t\t \n\t\t<span class=\"event-date\">\n\t\t\t<span class=\"day\"><\/span>\n\t\t\t<span class=\"month\"><\/span>\n\t\t\t<span class=\"year\">1995<\/span>\n\t\t<\/span>\n\t<div class=\"event-details\"><p>Mestrado em Cirurgia do aparelho Digestivo<\/p>\n<\/div>\n\t\t<\/div>\n\t\t \n\t\t<div  >\n\t\t\t \n\t\t<span class=\"event-date\">\n\t\t\t<span class=\"day\"><\/span>\n\t\t\t<span class=\"month\"><\/span>\n\t\t\t<span class=\"year\">1992<\/span>\n\t\t<\/span>\n\t<div class=\"event-details\"><p>Resid\u00eancia M\u00e9dica em Cirurgia do F\u00edgado e Transplante<\/p>\n<\/div>\n\t\t<\/div>\n\t\t \n\t\t<div  >\n\t\t\t \n\t\t<span class=\"event-date\">\n\t\t\t<span class=\"day\"><\/span>\n\t\t\t<span class=\"month\"><\/span>\n\t\t\t<span class=\"year\">1990<\/span>\n\t\t<\/span>\n\t<div class=\"event-details\"><p>Resid\u00eancia M\u00e9dica em Cirurgia Geral<\/p>\n<\/div>\n\t\t<\/div>\n\t\t \n\t\t<div  >\n\t\t\t \n\t\t<span class=\"event-date\">\n\t\t\t<span class=\"day\"><\/span>\n\t\t\t<span class=\"month\"><\/span>\n\t\t\t<span class=\"year\">1989<\/span>\n\t\t<\/span>\n\t<div class=\"event-details\"><p>Gradua\u00e7\u00e3o no Curso de Medicina da Universidade Federal de Sergipe<\/p>\n<\/div>\n\t\t<\/div>\n\t\n\t\t<\/section>\n\t[\/vc_column][\/vc_row]<\/p>\n","protected":false},"excerpt":{"rendered":"<p>[vc_row rt_row_background_width=&#8221;fullwidth&#8221; rt_row_content_width=&#8221;default&#8221; rt_row_style=&#8221;default-style&#8221; rt_row_borders=&#8221;&#8221; rt_row_paddings=&#8221;false&#8221; rt_bg_effect=&#8221;parallax&#8221; rt_bg_parallax_effect=&#8221;3&#8243; rt_bg_image_repeat=&#8221;repeat&#8221; rt_bg_size=&#8221;cover&#8221; rt_bg_position=&#8221;right top&#8221; rt_bg_video_format=&#8221;self-hosted&#8221;][vc_column rt_wrp_col_paddings=&#8221;false&#8221; rt_border_top=&#8221;&#8221; rt_border_bottom=&#8221;&#8221; rt_border_left=&#8221;&#8221; rt_border_right=&#8221;&#8221; rt_border_top_mobile=&#8221;&#8221; rt_border_bottom_mobile=&#8221;&#8221; rt_border_left_mobile=&#8221;&#8221; rt_border_right_mobile=&#8221;&#8221; rt_bg_image_repeat=&#8221;repeat&#8221; rt_bg_size=&#8221;auto auto&#8221; rt_bg_position=&#8221;right top&#8221; rt_bg_attachment=&#8221;scroll&#8221;][\/vc_column][\/vc_row][vc_row rt_row_background_width=&#8221;fullwidth&#8221; rt_row_content_width=&#8221;default&#8221; rt_row_style=&#8221;default-style&#8221; rt_row_borders=&#8221;bottom&#8221; rt_row_paddings=&#8221;true&#8221; rt_bg_effect=&#8221;classic&#8221; rt_bg_image_repeat=&#8221;repeat&#8221; rt_bg_size=&#8221;cover&#8221; rt_bg_position=&#8221;right top&#8221; rt_bg_attachment=&#8221;scroll&#8221; rt_bg_video_format=&#8221;self-hosted&#8221;][vc_column width=&#8221;2\/3&#8243; rt_wrp_col_paddings=&#8221;false&#8221; rt_border_top=&#8221;&#8221; rt_border_bottom=&#8221;&#8221; rt_border_left=&#8221;&#8221; rt_border_right=&#8221;&#8221; rt_border_top_mobile=&#8221;&#8221; rt_border_bottom_mobile=&#8221;&#8221; rt_border_left_mobile=&#8221;&#8221; rt_border_right_mobile=&#8221;&#8221; rt_bg_image_repeat=&#8221;repeat&#8221; rt_bg_size=&#8221;auto auto&#8221; rt_bg_position=&#8221;right top&#8221; [&hellip;]<\/p>\n","protected":false},"author":1,"featured_media":0,"parent":0,"menu_order":0,"comment_status":"open","ping_status":"open","template":"","meta":[],"_links":{"self":[{"href":"http:\/\/drantoniojunior.com.br\/novo\/index.php\/wp-json\/wp\/v2\/pages\/9"}],"collection":[{"href":"http:\/\/drantoniojunior.com.br\/novo\/index.php\/wp-json\/wp\/v2\/pages"}],"about":[{"href":"http:\/\/drantoniojunior.com.br\/novo\/index.php\/wp-json\/wp\/v2\/types\/page"}],"author":[{"embeddable":true,"href":"http:\/\/drantoniojunior.com.br\/novo\/index.php\/wp-json\/wp\/v2\/users\/1"}],"replies":[{"embeddable":true,"href":"http:\/\/drantoniojunior.com.br\/novo\/index.php\/wp-json\/wp\/v2\/comments?post=9"}],"version-history":[{"count":13,"href":"http:\/\/drantoniojunior.com.br\/novo\/index.php\/wp-json\/wp\/v2\/pages\/9\/revisions"}],"predecessor-version":[{"id":3006,"href":"http:\/\/drantoniojunior.com.br\/novo\/index.php\/wp-json\/wp\/v2\/pages\/9\/revisions\/3006"}],"wp:attachment":[{"href":"http:\/\/drantoniojunior.com.br\/novo\/index.php\/wp-json\/wp\/v2\/media?parent=9"}],"curies":[{"name":"wp","href":"https:\/\/api.w.org\/{rel}","templated":true}]}}