{"id":3141,"date":"2021-02-15T18:34:34","date_gmt":"2021-02-15T21:34:34","guid":{"rendered":"http:\/\/drantoniojunior.com.br\/novo\/?page_id=3141"},"modified":"2021-02-15T18:50:32","modified_gmt":"2021-02-15T21:50:32","slug":"depoimentos","status":"publish","type":"page","link":"http:\/\/drantoniojunior.com.br\/novo\/index.php\/depoimentos\/","title":{"rendered":"Depoimentos"},"content":{"rendered":"<p>[vc_row rt_row_background_width=&#8221;fullwidth&#8221; rt_row_content_width=&#8221;default&#8221; rt_row_style=&#8221;default-style&#8221; rt_row_borders=&#8221;&#8221; rt_row_paddings=&#8221;false&#8221; rt_bg_effect=&#8221;parallax&#8221; rt_bg_parallax_effect=&#8221;3&#8243; rt_bg_image_repeat=&#8221;repeat&#8221; rt_bg_size=&#8221;cover&#8221; rt_bg_position=&#8221;right top&#8221; rt_bg_video_format=&#8221;self-hosted&#8221;][vc_column rt_wrp_col_paddings=&#8221;false&#8221; rt_border_top=&#8221;&#8221; rt_border_bottom=&#8221;&#8221; rt_border_left=&#8221;&#8221; rt_border_right=&#8221;&#8221; rt_border_top_mobile=&#8221;&#8221; rt_border_bottom_mobile=&#8221;&#8221; rt_border_left_mobile=&#8221;&#8221; rt_border_right_mobile=&#8221;&#8221; rt_bg_image_repeat=&#8221;repeat&#8221; rt_bg_size=&#8221;auto auto&#8221; rt_bg_position=&#8221;right top&#8221; rt_bg_attachment=&#8221;scroll&#8221;]<div class=\"rt_heading_wrapper style-2\">\n\t\t\t\t\t\t<h1 class=\"rt_heading  style-2\" >DEPOIMENTOS<\/h1>\n\t\t\t\t\t<\/div>[\/vc_column][\/vc_row][vc_row rt_row_background_width=&#8221;fullwidth&#8221; rt_row_content_width=&#8221;default&#8221; rt_row_style=&#8221;default-style&#8221; rt_row_borders=&#8221;bottom&#8221; rt_row_paddings=&#8221;true&#8221; rt_bg_effect=&#8221;classic&#8221; rt_bg_image_repeat=&#8221;repeat&#8221; rt_bg_size=&#8221;cover&#8221; rt_bg_position=&#8221;right top&#8221; rt_bg_attachment=&#8221;scroll&#8221; rt_bg_video_format=&#8221;self-hosted&#8221;][vc_column width=&#8221;1\/4&#8243; rt_wrp_col_paddings=&#8221;false&#8221; rt_border_top=&#8221;&#8221; rt_border_bottom=&#8221;&#8221; rt_border_left=&#8221;&#8221; rt_border_right=&#8221;&#8221; rt_border_top_mobile=&#8221;&#8221; rt_border_bottom_mobile=&#8221;&#8221; rt_border_left_mobile=&#8221;&#8221; rt_border_right_mobile=&#8221;&#8221; rt_bg_image_repeat=&#8221;repeat&#8221; rt_bg_size=&#8221;auto auto&#8221; rt_bg_position=&#8221;right top&#8221; rt_bg_attachment=&#8221;scroll&#8221;][vc_column_text]<img loading=\"lazy\" class=\"size-medium wp-image-3143\" src=\"http:\/\/drantoniojunior.com.br\/novo\/wp-content\/uploads\/2021\/02\/jose-300x300.jpg\" alt=\"\" width=\"300\" height=\"300\" srcset=\"http:\/\/drantoniojunior.com.br\/novo\/wp-content\/uploads\/2021\/02\/jose-300x300.jpg 300w, http:\/\/drantoniojunior.com.br\/novo\/wp-content\/uploads\/2021\/02\/jose-150x150.jpg 150w, http:\/\/drantoniojunior.com.br\/novo\/wp-content\/uploads\/2021\/02\/jose.jpg 640w\" sizes=\"(max-width: 300px) 100vw, 300px\" \/><\/p>\n<p>Jos\u00e9 Bonif\u00e1cio de Santana<br \/>\nCirurgia no F\u00edgado[\/vc_column_text]<div class=\"rt_quote\"  >\n\t\t\t\t\t\t\t<p>\n\t\t\t\t\t\t\t\t<span class=\"icon-quote-left\"><\/span>\n\t\t\t\t\t\t\t\t&#8220;Depois de passar 28 dias internado, sendo quatro dias na UTI, gra\u00e7as \u00e0 Deus recebi alta hoje \u00e0 tarde, para continuar o tratamento em casa. Agrade\u00e7o primeiramente \u00e0 Deus e a equipe m\u00e9dica coordenada por Dr Ant\u00f4nio Alves J\u00fanior, juntamente com sua equipe Dr Leandro Barros e Dra Giselle e os colaboradores enfermeiros(as) e os t\u00e9cnicos(as) em enfermagem. Agrade\u00e7o em especial a minha esposa Rita de C\u00e1ssia, este bra\u00e7o forte que sempre est\u00e1 ao meu lado \u00e0 todo momento e as minhas filhas Nara, Larissa e Talitta, que sempre estavam no reversamento, especialmente a Talitta, onde se articulava com os m\u00e9dicos e hospitais, etc.&#8221;\n\t\t\t\t\t\t\t\t<span class=\"icon-quote-right\"><\/span>\n\t\t\t\t\t\t\t<\/p>\n\t\t\t\t\t\t\t\n\t\t\t\t\t<\/div>[\/vc_column][vc_column width=&#8221;1\/4&#8243; rt_wrp_col_paddings=&#8221;false&#8221; rt_border_top=&#8221;&#8221; rt_border_bottom=&#8221;&#8221; rt_border_left=&#8221;&#8221; rt_border_right=&#8221;&#8221; rt_border_top_mobile=&#8221;&#8221; rt_border_bottom_mobile=&#8221;&#8221; rt_border_left_mobile=&#8221;&#8221; rt_border_right_mobile=&#8221;&#8221; rt_bg_image_repeat=&#8221;repeat&#8221; rt_bg_size=&#8221;auto auto&#8221; rt_bg_position=&#8221;right top&#8221; rt_bg_attachment=&#8221;scroll&#8221;][vc_column_text]<img loading=\"lazy\" class=\"size-medium wp-image-3146\" src=\"http:\/\/drantoniojunior.com.br\/novo\/wp-content\/uploads\/2021\/02\/cynthia-300x300.jpg\" alt=\"\" width=\"300\" height=\"300\" srcset=\"http:\/\/drantoniojunior.com.br\/novo\/wp-content\/uploads\/2021\/02\/cynthia-300x300.jpg 300w, http:\/\/drantoniojunior.com.br\/novo\/wp-content\/uploads\/2021\/02\/cynthia-150x150.jpg 150w, http:\/\/drantoniojunior.com.br\/novo\/wp-content\/uploads\/2021\/02\/cynthia.jpg 640w\" sizes=\"(max-width: 300px) 100vw, 300px\" \/><\/p>\n<p>Cynthia Santana de Souza<br \/>\nCirurgia Bari\u00e1trica[\/vc_column_text]<div class=\"rt_quote\"  >\n\t\t\t\t\t\t\t<p>\n\t\t\t\t\t\t\t\t<span class=\"icon-quote-left\"><\/span>\n\t\t\t\t\t\t\t\tNo dia 06\/12\/2019 fui muito bem cuidada por @bariatricaaracaju e como sou grata por cada ensinamento da sua equipe at\u00e9 chegar esse dia, n\u00e3o poderia deixar de agradecer minha psic\u00f3loga linda @alinnebarbalho e minha nutricionista @larissadamasceno_nutricao vcs foram essenciais em todo percurso e levo os ensinamentos at\u00e9 hoje e levarei para toda vida! E a minha melhor instrumentadora @reginasousa0 que me acompanha at\u00e9 hoje e pra toda vida minha irm\u00e3 de alma.\u00a0 Tenho a melhor equipe com certeza, juntos fizemos uma linda constru\u00e7\u00e3o com resultado maravilhoso.\n\t\t\t\t\t\t\t\t<span class=\"icon-quote-right\"><\/span>\n\t\t\t\t\t\t\t<\/p>\n\t\t\t\t\t\t\t\n\t\t\t\t\t<\/div>[\/vc_column][vc_column width=&#8221;1\/4&#8243; rt_wrp_col_paddings=&#8221;false&#8221; rt_border_top=&#8221;&#8221; rt_border_bottom=&#8221;&#8221; rt_border_left=&#8221;&#8221; rt_border_right=&#8221;&#8221; rt_border_top_mobile=&#8221;&#8221; rt_border_bottom_mobile=&#8221;&#8221; rt_border_left_mobile=&#8221;&#8221; rt_border_right_mobile=&#8221;&#8221; rt_bg_image_repeat=&#8221;repeat&#8221; rt_bg_size=&#8221;auto auto&#8221; rt_bg_position=&#8221;right top&#8221; rt_bg_attachment=&#8221;scroll&#8221;][vc_column_text]<img loading=\"lazy\" class=\"size-medium wp-image-3150\" src=\"http:\/\/drantoniojunior.com.br\/novo\/wp-content\/uploads\/2021\/02\/kamila-300x300.jpg\" alt=\"\" width=\"300\" height=\"300\" srcset=\"http:\/\/drantoniojunior.com.br\/novo\/wp-content\/uploads\/2021\/02\/kamila-300x300.jpg 300w, http:\/\/drantoniojunior.com.br\/novo\/wp-content\/uploads\/2021\/02\/kamila-150x150.jpg 150w, http:\/\/drantoniojunior.com.br\/novo\/wp-content\/uploads\/2021\/02\/kamila.jpg 640w\" sizes=\"(max-width: 300px) 100vw, 300px\" \/><\/p>\n<p>Kamila Teles<br \/>\nCirurgia Bari\u00e1trica[\/vc_column_text]<div class=\"rt_quote\"  >\n\t\t\t\t\t\t\t<p>\n\t\t\t\t\t\t\t\t<span class=\"icon-quote-left\"><\/span>\n\t\t\t\t\t\t\t\tDecidi me submeter a Gastroplastia. Relutei por um ano, teneti mais uma vez todas as alternativas que tinha dispon\u00edvel. N\u00e3o consegui. ENt\u00e3o, no dia 23 de abril de 2019, Dr. Ant\u00f4nio me deu a chance de ter uma vida nova. E que vida meus amigos! Hoje estou com 47kg a menos. Com uma vida cheia de energia. Ganho de qualidade de vida, noites bem dormidas, auto estima l\u00e1 no Everest rsrs! Acirurgia em si \u00e9 uma oportunidade de mudan\u00e7a radical de vida e por isso \u00e9 preciso aproveit\u00e1-la ao m\u00e1ximo, fazendo sempre boas escolhas para n\u00e3o ter o indesejado reganho de peso.\n\t\t\t\t\t\t\t\t<span class=\"icon-quote-right\"><\/span>\n\t\t\t\t\t\t\t<\/p>\n\t\t\t\t\t\t\t\n\t\t\t\t\t<\/div>[\/vc_column][vc_column width=&#8221;1\/4&#8243; rt_wrp_col_paddings=&#8221;false&#8221; rt_border_top=&#8221;&#8221; rt_border_bottom=&#8221;&#8221; rt_border_left=&#8221;&#8221; rt_border_right=&#8221;&#8221; rt_border_top_mobile=&#8221;&#8221; rt_border_bottom_mobile=&#8221;&#8221; rt_border_left_mobile=&#8221;&#8221; rt_border_right_mobile=&#8221;&#8221; rt_bg_image_repeat=&#8221;repeat&#8221; rt_bg_size=&#8221;auto auto&#8221; rt_bg_position=&#8221;right top&#8221; rt_bg_attachment=&#8221;scroll&#8221;][vc_column_text]<img loading=\"lazy\" class=\"alignnone size-medium wp-image-3151\" src=\"http:\/\/drantoniojunior.com.br\/novo\/wp-content\/uploads\/2021\/02\/triatleta-300x300.jpg\" alt=\"\" width=\"300\" height=\"300\" srcset=\"http:\/\/drantoniojunior.com.br\/novo\/wp-content\/uploads\/2021\/02\/triatleta-300x300.jpg 300w, http:\/\/drantoniojunior.com.br\/novo\/wp-content\/uploads\/2021\/02\/triatleta-150x150.jpg 150w, http:\/\/drantoniojunior.com.br\/novo\/wp-content\/uploads\/2021\/02\/triatleta.jpg 640w\" sizes=\"(max-width: 300px) 100vw, 300px\" \/><\/p>\n<p>Vanessa Carolina Castro Santiago<br \/>\nCirurgia Bari\u00e1trica[\/vc_column_text]<div class=\"rt_quote\"  >\n\t\t\t\t\t\t\t<p>\n\t\t\t\t\t\t\t\t<span class=\"icon-quote-left\"><\/span>\n\t\t\t\t\t\t\t\tPor favor, avise a Dr. Ant\u00f4nio que, como eu disse na \u00faltima consulta, agora eu sou TRIATLETA!!!!! Eu s\u00f3 posso agradecer uma centena de vezes ele ter me devolvido a vontade de viver e a vontade de ser feliz!!! 1 ano e 5 meses de cirurgia e uma mudan\u00e7a total de vida&#8230; Muito muito muito muito obrigada! Que Deus aben\u00e7oe!!!\n\t\t\t\t\t\t\t\t<span class=\"icon-quote-right\"><\/span>\n\t\t\t\t\t\t\t<\/p>\n\t\t\t\t\t\t\t\n\t\t\t\t\t<\/div>[\/vc_column][\/vc_row]<\/p>\n","protected":false},"excerpt":{"rendered":"<p>[vc_row rt_row_background_width=&#8221;fullwidth&#8221; rt_row_content_width=&#8221;default&#8221; rt_row_style=&#8221;default-style&#8221; rt_row_borders=&#8221;&#8221; rt_row_paddings=&#8221;false&#8221; rt_bg_effect=&#8221;parallax&#8221; rt_bg_parallax_effect=&#8221;3&#8243; rt_bg_image_repeat=&#8221;repeat&#8221; rt_bg_size=&#8221;cover&#8221; rt_bg_position=&#8221;right top&#8221; rt_bg_video_format=&#8221;self-hosted&#8221;][vc_column rt_wrp_col_paddings=&#8221;false&#8221; rt_border_top=&#8221;&#8221; rt_border_bottom=&#8221;&#8221; rt_border_left=&#8221;&#8221; rt_border_right=&#8221;&#8221; rt_border_top_mobile=&#8221;&#8221; rt_border_bottom_mobile=&#8221;&#8221; rt_border_left_mobile=&#8221;&#8221; rt_border_right_mobile=&#8221;&#8221; rt_bg_image_repeat=&#8221;repeat&#8221; rt_bg_size=&#8221;auto auto&#8221; rt_bg_position=&#8221;right top&#8221; rt_bg_attachment=&#8221;scroll&#8221;][\/vc_column][\/vc_row][vc_row rt_row_background_width=&#8221;fullwidth&#8221; rt_row_content_width=&#8221;default&#8221; rt_row_style=&#8221;default-style&#8221; rt_row_borders=&#8221;bottom&#8221; rt_row_paddings=&#8221;true&#8221; rt_bg_effect=&#8221;classic&#8221; rt_bg_image_repeat=&#8221;repeat&#8221; rt_bg_size=&#8221;cover&#8221; rt_bg_position=&#8221;right top&#8221; rt_bg_attachment=&#8221;scroll&#8221; rt_bg_video_format=&#8221;self-hosted&#8221;][vc_column width=&#8221;1\/4&#8243; rt_wrp_col_paddings=&#8221;false&#8221; rt_border_top=&#8221;&#8221; rt_border_bottom=&#8221;&#8221; rt_border_left=&#8221;&#8221; rt_border_right=&#8221;&#8221; rt_border_top_mobile=&#8221;&#8221; rt_border_bottom_mobile=&#8221;&#8221; rt_border_left_mobile=&#8221;&#8221; rt_border_right_mobile=&#8221;&#8221; rt_bg_image_repeat=&#8221;repeat&#8221; rt_bg_size=&#8221;auto auto&#8221; rt_bg_position=&#8221;right top&#8221; [&hellip;]<\/p>\n","protected":false},"author":1,"featured_media":0,"parent":0,"menu_order":0,"comment_status":"open","ping_status":"open","template":"","meta":[],"_links":{"self":[{"href":"http:\/\/drantoniojunior.com.br\/novo\/index.php\/wp-json\/wp\/v2\/pages\/3141"}],"collection":[{"href":"http:\/\/drantoniojunior.com.br\/novo\/index.php\/wp-json\/wp\/v2\/pages"}],"about":[{"href":"http:\/\/drantoniojunior.com.br\/novo\/index.php\/wp-json\/wp\/v2\/types\/page"}],"author":[{"embeddable":true,"href":"http:\/\/drantoniojunior.com.br\/novo\/index.php\/wp-json\/wp\/v2\/users\/1"}],"replies":[{"embeddable":true,"href":"http:\/\/drantoniojunior.com.br\/novo\/index.php\/wp-json\/wp\/v2\/comments?post=3141"}],"version-history":[{"count":8,"href":"http:\/\/drantoniojunior.com.br\/novo\/index.php\/wp-json\/wp\/v2\/pages\/3141\/revisions"}],"predecessor-version":[{"id":3153,"href":"http:\/\/drantoniojunior.com.br\/novo\/index.php\/wp-json\/wp\/v2\/pages\/3141\/revisions\/3153"}],"wp:attachment":[{"href":"http:\/\/drantoniojunior.com.br\/novo\/index.php\/wp-json\/wp\/v2\/media?parent=3141"}],"curies":[{"name":"wp","href":"https:\/\/api.w.org\/{rel}","templated":true}]}}