{"id":2980,"date":"2019-10-14T09:32:13","date_gmt":"2019-10-14T12:32:13","guid":{"rendered":"http:\/\/drantoniojunior.com.br\/novo\/?page_id=2980"},"modified":"2019-10-14T09:32:13","modified_gmt":"2019-10-14T12:32:13","slug":"peritonio","status":"publish","type":"page","link":"http:\/\/drantoniojunior.com.br\/novo\/index.php\/peritonio\/","title":{"rendered":"Perit\u00f4nio"},"content":{"rendered":"<p>[vc_row rt_row_background_width=&#8221;fullwidth&#8221; rt_row_content_width=&#8221;default&#8221; rt_row_style=&#8221;default-style&#8221; rt_row_borders=&#8221;&#8221; rt_row_paddings=&#8221;false&#8221; rt_bg_effect=&#8221;parallax&#8221; rt_bg_parallax_effect=&#8221;3&#8243; rt_bg_image_repeat=&#8221;repeat&#8221; rt_bg_size=&#8221;cover&#8221; rt_bg_position=&#8221;right top&#8221; rt_bg_video_format=&#8221;self-hosted&#8221;][vc_column rt_wrp_col_paddings=&#8221;false&#8221; rt_border_top=&#8221;&#8221; rt_border_bottom=&#8221;&#8221; rt_border_left=&#8221;&#8221; rt_border_right=&#8221;&#8221; rt_border_top_mobile=&#8221;&#8221; rt_border_bottom_mobile=&#8221;&#8221; rt_border_left_mobile=&#8221;&#8221; rt_border_right_mobile=&#8221;&#8221; rt_bg_image_repeat=&#8221;repeat&#8221; rt_bg_size=&#8221;auto auto&#8221; rt_bg_position=&#8221;right top&#8221; rt_bg_attachment=&#8221;scroll&#8221;]<div class=\"rt_heading_wrapper style-2\">\n\t\t\t\t\t\t<h1 class=\"rt_heading  style-2\" >PERIT\u00d4NIO<\/h1>\n\t\t\t\t\t<\/div>[\/vc_column][\/vc_row][vc_row rt_row_background_width=&#8221;fullwidth&#8221; rt_row_content_width=&#8221;default&#8221; rt_row_style=&#8221;default-style&#8221; rt_row_borders=&#8221;bottom&#8221; rt_row_paddings=&#8221;true&#8221; rt_bg_effect=&#8221;classic&#8221; rt_bg_image_repeat=&#8221;repeat&#8221; rt_bg_size=&#8221;cover&#8221; rt_bg_position=&#8221;right top&#8221; rt_bg_attachment=&#8221;scroll&#8221; rt_bg_video_format=&#8221;self-hosted&#8221;][vc_column width=&#8221;2\/3&#8243; rt_wrp_col_paddings=&#8221;false&#8221; rt_border_top=&#8221;&#8221; rt_border_bottom=&#8221;&#8221; rt_border_left=&#8221;&#8221; rt_border_right=&#8221;&#8221; rt_border_top_mobile=&#8221;&#8221; rt_border_bottom_mobile=&#8221;&#8221; rt_border_left_mobile=&#8221;&#8221; rt_border_right_mobile=&#8221;&#8221; rt_bg_image_repeat=&#8221;repeat&#8221; rt_bg_size=&#8221;auto auto&#8221; rt_bg_position=&#8221;right top&#8221; rt_bg_attachment=&#8221;scroll&#8221;][vc_column_text]\u2022 Epiploplastia<br \/>\n\u2022 Epiploplastia por videolaparoscopia<br \/>\n\u2022 Implante de cateter peritoneal<br \/>\n\u2022 Instala\u00e7\u00e3o de cateter Tenckhoff<br \/>\n\u2022 Retirada de cateter Tenckhoff<br \/>\n\u2022 Bi\u00f3psia de parede abdominal<br \/>\n\u2022 Herniorrafia com ressec\u00e7\u00e3o intestinal- estrangulada<br \/>\n\u2022 Herniorrafia com ressec\u00e7\u00e3o intestinal- estrangulada por videolaparoscopia<br \/>\n\u2022 Herniorrafia crural-unilateral<br \/>\n\u2022 Herniorrafia crural-unilateral por videolaparoscopia<br \/>\n\u2022 Herniorrafia epig\u00e1strica<br \/>\n\u2022 Herniorrafia incisional<br \/>\n\u2022 Herniorrafia inguinal-unilateral<br \/>\n\u2022 Herniorrafia inguinal-unilateral por videolaparoscopia<br \/>\n\u2022 Herniorrafia lombar<br \/>\n\u2022 Herniorrafia recidivante<br \/>\n\u2022 Herniorrafia recidivante por videolaparoscopia<br \/>\n\u2022 Herniorrafia sem ressec\u00e7\u00e3o intestinal encarcerada<br \/>\n\u2022 Herniorrafia umbilical<br \/>\n\u2022 Laparotomia exploradora,ou para bi\u00f3psia,ou pra drenagem de obscesso,ou para libera\u00e7\u00e3o de bridas em vig\u00eancia de oclus\u00e3o<br \/>\n\u2022 Laparotomia exploradora,ou para bi\u00f3psia,ou pra drenagem de obscesso,ou para libera\u00e7\u00e3o de bridas em vig\u00eancia de oclus\u00e3o por videolaparoscopia<br \/>\n\u2022 Paracentese abdominal<br \/>\n\u2022 Ressutura da parede abdominal (por deisc\u00eancia total ou eviscera\u00e7\u00e3o)[\/vc_column_text][\/vc_column][vc_column width=&#8221;1\/3&#8243; rt_wrp_col_paddings=&#8221;false&#8221; rt_border_top=&#8221;&#8221; rt_border_bottom=&#8221;&#8221; rt_border_left=&#8221;&#8221; rt_border_right=&#8221;&#8221; rt_border_top_mobile=&#8221;&#8221; rt_border_bottom_mobile=&#8221;&#8221; rt_border_left_mobile=&#8221;&#8221; rt_border_right_mobile=&#8221;&#8221; rt_bg_image_repeat=&#8221;repeat&#8221; rt_bg_size=&#8221;auto auto&#8221; rt_bg_position=&#8221;right top&#8221; rt_bg_attachment=&#8221;scroll&#8221;][vc_single_image image=&#8221;2981&#8243; img_size=&#8221;&#8221; alignment=&#8221;center&#8221;]<div class=\"rt_heading_wrapper style-1\">\n\t\t\t\t\t\t<h4 class=\"rt_heading  style-1\" >Dicion\u00e1rio<\/h4>\n\t\t\t\t\t<\/div>[vc_column_text]<\/p>\n<div class=\"vpx4Fd\">\n<div class=\"pgRvse vdBwhd\"><i>substantivo masculino<\/i><\/div>\n<\/div>\n<div class=\"vmod\">\n<div class=\"thODed Uekwlc XpoqFe\">\n<div data-topic=\"\">\n<div><\/div>\n<div>\n<div class=\"QIclbb XpoqFe\">\n<div><span class=\"mQo3nc hsL7ld\">ANATOMIA GERAL<\/span><\/div>\n<div data-dobid=\"dfn\">membrana serosa que recobre as paredes do abdome e a superf\u00edcie dos \u00f3rg\u00e3os digestivos.<\/div>\n<\/div>\n<\/div>\n<\/div>\n<\/div>\n<\/div>\n<p>[\/vc_column_text][\/vc_column][\/vc_row]<\/p>\n","protected":false},"excerpt":{"rendered":"<p>[vc_row rt_row_background_width=&#8221;fullwidth&#8221; rt_row_content_width=&#8221;default&#8221; rt_row_style=&#8221;default-style&#8221; rt_row_borders=&#8221;&#8221; rt_row_paddings=&#8221;false&#8221; rt_bg_effect=&#8221;parallax&#8221; rt_bg_parallax_effect=&#8221;3&#8243; rt_bg_image_repeat=&#8221;repeat&#8221; rt_bg_size=&#8221;cover&#8221; rt_bg_position=&#8221;right top&#8221; rt_bg_video_format=&#8221;self-hosted&#8221;][vc_column rt_wrp_col_paddings=&#8221;false&#8221; rt_border_top=&#8221;&#8221; rt_border_bottom=&#8221;&#8221; rt_border_left=&#8221;&#8221; rt_border_right=&#8221;&#8221; rt_border_top_mobile=&#8221;&#8221; rt_border_bottom_mobile=&#8221;&#8221; rt_border_left_mobile=&#8221;&#8221; rt_border_right_mobile=&#8221;&#8221; rt_bg_image_repeat=&#8221;repeat&#8221; rt_bg_size=&#8221;auto auto&#8221; rt_bg_position=&#8221;right top&#8221; rt_bg_attachment=&#8221;scroll&#8221;][\/vc_column][\/vc_row][vc_row rt_row_background_width=&#8221;fullwidth&#8221; rt_row_content_width=&#8221;default&#8221; rt_row_style=&#8221;default-style&#8221; rt_row_borders=&#8221;bottom&#8221; rt_row_paddings=&#8221;true&#8221; rt_bg_effect=&#8221;classic&#8221; rt_bg_image_repeat=&#8221;repeat&#8221; rt_bg_size=&#8221;cover&#8221; rt_bg_position=&#8221;right top&#8221; rt_bg_attachment=&#8221;scroll&#8221; rt_bg_video_format=&#8221;self-hosted&#8221;][vc_column width=&#8221;2\/3&#8243; rt_wrp_col_paddings=&#8221;false&#8221; rt_border_top=&#8221;&#8221; rt_border_bottom=&#8221;&#8221; rt_border_left=&#8221;&#8221; rt_border_right=&#8221;&#8221; rt_border_top_mobile=&#8221;&#8221; rt_border_bottom_mobile=&#8221;&#8221; rt_border_left_mobile=&#8221;&#8221; rt_border_right_mobile=&#8221;&#8221; rt_bg_image_repeat=&#8221;repeat&#8221; rt_bg_size=&#8221;auto auto&#8221; rt_bg_position=&#8221;right top&#8221; [&hellip;]<\/p>\n","protected":false},"author":1,"featured_media":0,"parent":0,"menu_order":0,"comment_status":"open","ping_status":"open","template":"","meta":[],"_links":{"self":[{"href":"http:\/\/drantoniojunior.com.br\/novo\/index.php\/wp-json\/wp\/v2\/pages\/2980"}],"collection":[{"href":"http:\/\/drantoniojunior.com.br\/novo\/index.php\/wp-json\/wp\/v2\/pages"}],"about":[{"href":"http:\/\/drantoniojunior.com.br\/novo\/index.php\/wp-json\/wp\/v2\/types\/page"}],"author":[{"embeddable":true,"href":"http:\/\/drantoniojunior.com.br\/novo\/index.php\/wp-json\/wp\/v2\/users\/1"}],"replies":[{"embeddable":true,"href":"http:\/\/drantoniojunior.com.br\/novo\/index.php\/wp-json\/wp\/v2\/comments?post=2980"}],"version-history":[{"count":1,"href":"http:\/\/drantoniojunior.com.br\/novo\/index.php\/wp-json\/wp\/v2\/pages\/2980\/revisions"}],"predecessor-version":[{"id":2982,"href":"http:\/\/drantoniojunior.com.br\/novo\/index.php\/wp-json\/wp\/v2\/pages\/2980\/revisions\/2982"}],"wp:attachment":[{"href":"http:\/\/drantoniojunior.com.br\/novo\/index.php\/wp-json\/wp\/v2\/media?parent=2980"}],"curies":[{"name":"wp","href":"https:\/\/api.w.org\/{rel}","templated":true}]}}