{"id":2898,"date":"2019-10-09T17:30:09","date_gmt":"2019-10-09T20:30:09","guid":{"rendered":"http:\/\/drantoniojunior.com.br\/novo\/?page_id=2898"},"modified":"2019-10-14T09:23:31","modified_gmt":"2019-10-14T12:23:31","slug":"estomago","status":"publish","type":"page","link":"http:\/\/drantoniojunior.com.br\/novo\/index.php\/estomago\/","title":{"rendered":"Est\u00f4mago"},"content":{"rendered":"<p>[vc_row rt_row_background_width=&#8221;fullwidth&#8221; rt_row_content_width=&#8221;default&#8221; rt_row_style=&#8221;default-style&#8221; rt_row_borders=&#8221;&#8221; rt_row_paddings=&#8221;false&#8221; rt_bg_effect=&#8221;parallax&#8221; rt_bg_parallax_effect=&#8221;3&#8243; rt_bg_image_repeat=&#8221;repeat&#8221; rt_bg_size=&#8221;cover&#8221; rt_bg_position=&#8221;right top&#8221; rt_bg_video_format=&#8221;self-hosted&#8221;][vc_column rt_wrp_col_paddings=&#8221;false&#8221; rt_border_top=&#8221;&#8221; rt_border_bottom=&#8221;&#8221; rt_border_left=&#8221;&#8221; rt_border_right=&#8221;&#8221; rt_border_top_mobile=&#8221;&#8221; rt_border_bottom_mobile=&#8221;&#8221; rt_border_left_mobile=&#8221;&#8221; rt_border_right_mobile=&#8221;&#8221; rt_bg_image_repeat=&#8221;repeat&#8221; rt_bg_size=&#8221;auto auto&#8221; rt_bg_position=&#8221;right top&#8221; rt_bg_attachment=&#8221;scroll&#8221;]<div class=\"rt_heading_wrapper style-2\">\n\t\t\t\t\t\t<h1 class=\"rt_heading  style-2\" >EST\u00d4MAGO<\/h1>\n\t\t\t\t\t<\/div>[\/vc_column][\/vc_row][vc_row rt_row_background_width=&#8221;fullwidth&#8221; rt_row_content_width=&#8221;default&#8221; rt_row_style=&#8221;default-style&#8221; rt_row_borders=&#8221;bottom&#8221; rt_row_paddings=&#8221;true&#8221; rt_bg_effect=&#8221;classic&#8221; rt_bg_image_repeat=&#8221;repeat&#8221; rt_bg_size=&#8221;cover&#8221; rt_bg_position=&#8221;right top&#8221; rt_bg_attachment=&#8221;scroll&#8221; rt_bg_video_format=&#8221;self-hosted&#8221;][vc_column width=&#8221;2\/3&#8243; rt_wrp_col_paddings=&#8221;false&#8221; rt_border_top=&#8221;&#8221; rt_border_bottom=&#8221;&#8221; rt_border_left=&#8221;&#8221; rt_border_right=&#8221;&#8221; rt_border_top_mobile=&#8221;&#8221; rt_border_bottom_mobile=&#8221;&#8221; rt_border_left_mobile=&#8221;&#8221; rt_border_right_mobile=&#8221;&#8221; rt_bg_image_repeat=&#8221;repeat&#8221; rt_bg_size=&#8221;auto auto&#8221; rt_bg_position=&#8221;right top&#8221; rt_bg_attachment=&#8221;scroll&#8221;][vc_column_text]\u2022 Convers\u00e3o de anastomose gastrojejunal(qualquer t\u00e9cnica)<br \/>\n\u2022 Convers\u00e3o de anastomose gastrojejunal por videolaparoscopia<br \/>\n\u2022 Degastrogastrectomia com vagotomia<br \/>\n\u2022 Gastrectomia parcial com vagotomia<br \/>\n\u2022 Gastrectomia parcial com linfadenectomia<br \/>\n\u2022 Gastrectomia parcial com linfadenectomia por videolaparoscopia<br \/>\n\u2022 Gastrectomia parcial com vagotomia<br \/>\n\u2022 Gastrectomia parcial com vagotomia por videolaparoscopia<br \/>\n\u2022 Gastrectomia parcial sem vagotomia<br \/>\n\u2022 Gastrectomia parcial sem vagotomia por videolaparoscopia<br \/>\n\u2022 Gastrectomia polar superior com reconstru\u00e7\u00e3o jejunal sem toracotomia<br \/>\n\u2022 Gastrectomia total com linfadenectomia<br \/>\n\u2022 Gastrectomia total com linfadenectomia por videolaparoscopia<br \/>\n\u2022 Gastrectomia total via abdominal<br \/>\n\u2022 Gastrectomia total via abdominal por videolaparoscopia<br \/>\n\u2022 Gastroenteroanastomose<br \/>\n\u2022 Gastroenteroanastomose por videolaparoscopia<br \/>\n\u2022 Gastroplastia para obesidade m\u00f3rbida-qualquer t\u00e9cnica<br \/>\n\u2022 Gastroplastia para obesidade m\u00f3rbida por videolaparoscopia<br \/>\n\u2022 Gastrostomia confec\u00e7\u00e3o\/fechamento<br \/>\n\u2022 Gastrostomia para qualquer finalidade<br \/>\n\u2022 Gastrostomia para retirada de CE ou les\u00e3o isolada<br \/>\n\u2022 Piloroplastia<br \/>\n\u2022 Piloroplastia por videolaparoscopia<br \/>\n\u2022 Tratamento cir\u00fargico das varizes g\u00e1stricas<br \/>\n\u2022 Vagotomia com opera\u00e7\u00e3o de drenagem<br \/>\n\u2022 Vagotomia g\u00e1strica proximal ou superseletiva com duodenoplastia (opera\u00e7\u00e3o de drenagem)<br \/>\n\u2022 Vagotomia superseletiva ou vagotomia g\u00e1strica proximal<br \/>\n\u2022 Vagotomia superseletiva ou vagotomia g\u00e1strica proximal por videolaparoscopia[\/vc_column_text][\/vc_column][vc_column width=&#8221;1\/3&#8243; rt_wrp_col_paddings=&#8221;false&#8221; rt_border_top=&#8221;&#8221; rt_border_bottom=&#8221;&#8221; rt_border_left=&#8221;&#8221; rt_border_right=&#8221;&#8221; rt_border_top_mobile=&#8221;&#8221; rt_border_bottom_mobile=&#8221;&#8221; rt_border_left_mobile=&#8221;&#8221; rt_border_right_mobile=&#8221;&#8221; rt_bg_image_repeat=&#8221;repeat&#8221; rt_bg_size=&#8221;auto auto&#8221; rt_bg_position=&#8221;right top&#8221; rt_bg_attachment=&#8221;scroll&#8221;][vc_single_image image=&#8221;2967&#8243; img_size=&#8221;&#8221; alignment=&#8221;center&#8221;]<div class=\"rt_heading_wrapper style-1\">\n\t\t\t\t\t\t<h4 class=\"rt_heading  style-1\" >Dicion\u00e1rio<\/h4>\n\t\t\t\t\t<\/div>[vc_column_text]<\/p>\n<div class=\"vpx4Fd\">\n<div class=\"pgRvse vdBwhd\"><i>substantivo masculino<\/i><\/div>\n<\/div>\n<div class=\"vmod\">\n<div class=\"thODed Uekwlc XpoqFe\">\n<div data-topic=\"\">\n<div><\/div>\n<div>\n<div class=\"QIclbb XpoqFe\">\n<div><span class=\"mQo3nc hsL7ld\">ANATOMIA GERAL<\/span><\/div>\n<div data-dobid=\"dfn\">\u00f3rg\u00e3o oco do tubo digestivo situado abaixo do diafragma, entre o es\u00f4fago e o duodeno, onde os alimentos s\u00e3o depositados, pr\u00e9-digeridos e esterilizados antes de serem enviados ao intestino.<\/div>\n<\/div>\n<\/div>\n<\/div>\n<\/div>\n<\/div>\n<p>[\/vc_column_text][\/vc_column][\/vc_row]<\/p>\n","protected":false},"excerpt":{"rendered":"<p>[vc_row rt_row_background_width=&#8221;fullwidth&#8221; rt_row_content_width=&#8221;default&#8221; rt_row_style=&#8221;default-style&#8221; rt_row_borders=&#8221;&#8221; rt_row_paddings=&#8221;false&#8221; rt_bg_effect=&#8221;parallax&#8221; rt_bg_parallax_effect=&#8221;3&#8243; rt_bg_image_repeat=&#8221;repeat&#8221; rt_bg_size=&#8221;cover&#8221; rt_bg_position=&#8221;right top&#8221; rt_bg_video_format=&#8221;self-hosted&#8221;][vc_column rt_wrp_col_paddings=&#8221;false&#8221; rt_border_top=&#8221;&#8221; rt_border_bottom=&#8221;&#8221; rt_border_left=&#8221;&#8221; rt_border_right=&#8221;&#8221; rt_border_top_mobile=&#8221;&#8221; rt_border_bottom_mobile=&#8221;&#8221; rt_border_left_mobile=&#8221;&#8221; rt_border_right_mobile=&#8221;&#8221; rt_bg_image_repeat=&#8221;repeat&#8221; rt_bg_size=&#8221;auto auto&#8221; rt_bg_position=&#8221;right top&#8221; rt_bg_attachment=&#8221;scroll&#8221;][\/vc_column][\/vc_row][vc_row rt_row_background_width=&#8221;fullwidth&#8221; rt_row_content_width=&#8221;default&#8221; rt_row_style=&#8221;default-style&#8221; rt_row_borders=&#8221;bottom&#8221; rt_row_paddings=&#8221;true&#8221; rt_bg_effect=&#8221;classic&#8221; rt_bg_image_repeat=&#8221;repeat&#8221; rt_bg_size=&#8221;cover&#8221; rt_bg_position=&#8221;right top&#8221; rt_bg_attachment=&#8221;scroll&#8221; rt_bg_video_format=&#8221;self-hosted&#8221;][vc_column width=&#8221;2\/3&#8243; rt_wrp_col_paddings=&#8221;false&#8221; rt_border_top=&#8221;&#8221; rt_border_bottom=&#8221;&#8221; rt_border_left=&#8221;&#8221; rt_border_right=&#8221;&#8221; rt_border_top_mobile=&#8221;&#8221; rt_border_bottom_mobile=&#8221;&#8221; rt_border_left_mobile=&#8221;&#8221; rt_border_right_mobile=&#8221;&#8221; rt_bg_image_repeat=&#8221;repeat&#8221; rt_bg_size=&#8221;auto auto&#8221; rt_bg_position=&#8221;right top&#8221; [&hellip;]<\/p>\n","protected":false},"author":1,"featured_media":0,"parent":0,"menu_order":0,"comment_status":"open","ping_status":"open","template":"","meta":[],"_links":{"self":[{"href":"http:\/\/drantoniojunior.com.br\/novo\/index.php\/wp-json\/wp\/v2\/pages\/2898"}],"collection":[{"href":"http:\/\/drantoniojunior.com.br\/novo\/index.php\/wp-json\/wp\/v2\/pages"}],"about":[{"href":"http:\/\/drantoniojunior.com.br\/novo\/index.php\/wp-json\/wp\/v2\/types\/page"}],"author":[{"embeddable":true,"href":"http:\/\/drantoniojunior.com.br\/novo\/index.php\/wp-json\/wp\/v2\/users\/1"}],"replies":[{"embeddable":true,"href":"http:\/\/drantoniojunior.com.br\/novo\/index.php\/wp-json\/wp\/v2\/comments?post=2898"}],"version-history":[{"count":5,"href":"http:\/\/drantoniojunior.com.br\/novo\/index.php\/wp-json\/wp\/v2\/pages\/2898\/revisions"}],"predecessor-version":[{"id":2968,"href":"http:\/\/drantoniojunior.com.br\/novo\/index.php\/wp-json\/wp\/v2\/pages\/2898\/revisions\/2968"}],"wp:attachment":[{"href":"http:\/\/drantoniojunior.com.br\/novo\/index.php\/wp-json\/wp\/v2\/media?parent=2898"}],"curies":[{"name":"wp","href":"https:\/\/api.w.org\/{rel}","templated":true}]}}